{"id":1816,"date":"2021-06-14T19:48:27","date_gmt":"2021-06-14T19:48:27","guid":{"rendered":"https:\/\/gossip-themes.com\/alino\/about-copy\/"},"modified":"2025-04-15T07:03:24","modified_gmt":"2025-04-15T12:03:24","slug":"contact","status":"publish","type":"page","link":"https:\/\/insin.unitru.edu.pe\/?page_id=1816","title":{"rendered":"Cont\u00e1ctanos"},"content":{"rendered":"\t\t<div data-elementor-type=\"wp-page\" data-elementor-id=\"1816\" class=\"elementor elementor-1816\">\n\t\t\t\t\t\t<section class=\"elementor-section elementor-top-section elementor-element elementor-element-f15dff2 elementor-section-stretched elementor-section-boxed elementor-section-height-default elementor-section-height-default\" data-id=\"f15dff2\" data-element_type=\"section\" data-settings=\"{&quot;stretch_section&quot;:&quot;section-stretched&quot;}\">\n\t\t\t\t\t\t<div class=\"elementor-container elementor-column-gap-default\">\n\t\t\t\t\t<div class=\"elementor-column elementor-col-100 elementor-top-column elementor-element elementor-element-4dec8dd\" data-id=\"4dec8dd\" data-element_type=\"column\">\n\t\t\t<div class=\"elementor-widget-wrap elementor-element-populated\">\n\t\t\t\t\t\t<div class=\"elementor-element elementor-element-f1a4241 elementor-widget elementor-widget-image\" data-id=\"f1a4241\" data-element_type=\"widget\" data-widget_type=\"image.default\">\n\t\t\t\t<div class=\"elementor-widget-container\">\n\t\t\t\t\t\t\t\t\t\t\t\t\t\t\t<img decoding=\"async\" src=\"https:\/\/gossip-themes.com\/alino\/wp-content\/uploads\/2021\/05\/office-team.jpg\" title=\"\" alt=\"\" loading=\"lazy\" \/>\t\t\t\t\t\t\t\t\t\t\t\t\t\t\t<\/div>\n\t\t\t\t<\/div>\n\t\t\t\t<div class=\"elementor-element elementor-element-912e0c5 elementor-widget elementor-widget-heading\" data-id=\"912e0c5\" data-element_type=\"widget\" data-widget_type=\"heading.default\">\n\t\t\t\t<div class=\"elementor-widget-container\">\n\t\t\t\t\t<h3 class=\"elementor-heading-title elementor-size-default\">\u00bfTIENES ALGUNA PREGUNTA O COMENTARIO?<\/h3>\t\t\t\t<\/div>\n\t\t\t\t<\/div>\n\t\t\t\t<div class=\"elementor-element elementor-element-b51f05c elementor-widget elementor-widget-text-editor\" data-id=\"b51f05c\" data-element_type=\"widget\" data-widget_type=\"text-editor.default\">\n\t\t\t\t<div class=\"elementor-widget-container\">\n\t\t\t\t\t\t\t\t\t<p>En el Instituto de Investigaci\u00f3n de la Universidad Nacional de Trujillo (INSINV-UNT), nos complace recibir tus consultas y comentarios. Estamos aqu\u00ed para apoyarte en tu b\u00fasqueda de conocimiento y promover la investigaci\u00f3n en nuestra comunidad.<\/p>\t\t\t\t\t\t\t\t<\/div>\n\t\t\t\t<\/div>\n\t\t\t\t<div class=\"elementor-element elementor-element-5450a80 elementor-widget elementor-widget-text-editor\" data-id=\"5450a80\" data-element_type=\"widget\" data-widget_type=\"text-editor.default\">\n\t\t\t\t<div class=\"elementor-widget-container\">\n\t\t\t\t\t\t\t\t\t<p>Ya seas estudiante, docente, investigador, miembro de la comunidad cient\u00edfica o ciudadano en general, te invitamos a ponerte en contacto con nosotros al siguiente correo <span data-hovercard-id=\"dinid@unitru.edu.pe\" data-hovercard-owner-id=\"20\"><span style=\"color: #0000ff;\"><strong><em>dinid@unitru.edu.pe<\/em><\/strong><\/span>.\u00a0<\/span><br \/>\u00a0<\/p>\t\t\t\t\t\t\t\t<\/div>\n\t\t\t\t<\/div>\n\t\t\t\t\t<\/div>\n\t\t<\/div>\n\t\t\t\t\t<\/div>\n\t\t<\/section>\n\t\t\t\t<\/div>\n\t\t","protected":false},"excerpt":{"rendered":"<p>\u00bfTIENES ALGUNA PREGUNTA O COMENTARIO? En el Instituto de Investigaci\u00f3n de la Universidad Nacional de Trujillo (INSINV-UNT), nos complace recibir tus consultas y comentarios. Estamos aqu\u00ed para apoyarte en tu b\u00fasqueda de conocimiento y promover la investigaci\u00f3n en nuestra comunidad. Ya seas estudiante, docente, investigador, miembro de la comunidad cient\u00edfica o ciudadano en general, te [&hellip;]<\/p>\n","protected":false},"author":2,"featured_media":0,"parent":0,"menu_order":0,"comment_status":"closed","ping_status":"closed","template":"","meta":{"footnotes":""},"class_list":["post-1816","page","type-page","status-publish","hentry"],"_links":{"self":[{"href":"https:\/\/insin.unitru.edu.pe\/index.php?rest_route=\/wp\/v2\/pages\/1816","targetHints":{"allow":["GET"]}}],"collection":[{"href":"https:\/\/insin.unitru.edu.pe\/index.php?rest_route=\/wp\/v2\/pages"}],"about":[{"href":"https:\/\/insin.unitru.edu.pe\/index.php?rest_route=\/wp\/v2\/types\/page"}],"author":[{"embeddable":true,"href":"https:\/\/insin.unitru.edu.pe\/index.php?rest_route=\/wp\/v2\/users\/2"}],"replies":[{"embeddable":true,"href":"https:\/\/insin.unitru.edu.pe\/index.php?rest_route=%2Fwp%2Fv2%2Fcomments&post=1816"}],"version-history":[{"count":16,"href":"https:\/\/insin.unitru.edu.pe\/index.php?rest_route=\/wp\/v2\/pages\/1816\/revisions"}],"predecessor-version":[{"id":6726,"href":"https:\/\/insin.unitru.edu.pe\/index.php?rest_route=\/wp\/v2\/pages\/1816\/revisions\/6726"}],"wp:attachment":[{"href":"https:\/\/insin.unitru.edu.pe\/index.php?rest_route=%2Fwp%2Fv2%2Fmedia&parent=1816"}],"curies":[{"name":"wp","href":"https:\/\/api.w.org\/{rel}","templated":true}]}}