{"id":3824,"date":"2024-05-26T18:04:03","date_gmt":"2024-05-26T23:04:03","guid":{"rendered":"https:\/\/insin.unitru.edu.pe\/?page_id=3824"},"modified":"2026-03-18T08:42:17","modified_gmt":"2026-03-18T13:42:17","slug":"presentacion","status":"publish","type":"page","link":"https:\/\/insin.unitru.edu.pe\/?page_id=3824","title":{"rendered":"Instituto de Investigaci\u00f3n"},"content":{"rendered":"\t\t<div data-elementor-type=\"wp-page\" data-elementor-id=\"3824\" class=\"elementor elementor-3824\">\n\t\t\t\t<div class=\"elementor-element elementor-element-7661c52 e-flex e-con-boxed e-con e-parent\" data-id=\"7661c52\" data-element_type=\"container\">\n\t\t\t\t\t<div class=\"e-con-inner\">\n\t\t<div class=\"elementor-element elementor-element-e7133d3 e-con-full e-flex e-con e-child\" data-id=\"e7133d3\" data-element_type=\"container\">\n\t\t\t\t<\/div>\n\t\t<div class=\"elementor-element elementor-element-2367c36 e-con-full e-flex e-con e-child\" data-id=\"2367c36\" data-element_type=\"container\">\n\t\t\t\t<div class=\"elementor-element elementor-element-0bd7c45 elementor-widget elementor-widget-heading\" data-id=\"0bd7c45\" data-element_type=\"widget\" data-widget_type=\"heading.default\">\n\t\t\t\t<div class=\"elementor-widget-container\">\n\t\t\t\t\t<h2 class=\"elementor-heading-title elementor-size-default\">Presentaci\u00f3n<\/h2>\t\t\t\t<\/div>\n\t\t\t\t<\/div>\n\t\t<div class=\"elementor-element elementor-element-43487f1 e-con-full e-flex e-con e-child\" data-id=\"43487f1\" data-element_type=\"container\" data-settings=\"{&quot;background_background&quot;:&quot;classic&quot;}\">\n\t\t<div class=\"elementor-element elementor-element-5390d32 e-con-full e-flex e-con e-child\" data-id=\"5390d32\" data-element_type=\"container\">\n\t\t\t\t<div class=\"elementor-element elementor-element-9e91c7d elementor-widget__width-initial elementor-widget elementor-widget-image\" data-id=\"9e91c7d\" data-element_type=\"widget\" data-widget_type=\"image.default\">\n\t\t\t\t<div class=\"elementor-widget-container\">\n\t\t\t\t\t\t\t\t\t\t\t\t\t\t\t<img fetchpriority=\"high\" decoding=\"async\" width=\"640\" height=\"219\" src=\"https:\/\/insin.unitru.edu.pe\/wp-content\/uploads\/2024\/04\/logo-1024x350.png\" class=\"attachment-large size-large wp-image-3672\" alt=\"\" srcset=\"https:\/\/insin.unitru.edu.pe\/wp-content\/uploads\/2024\/04\/logo-1024x350.png 1024w, https:\/\/insin.unitru.edu.pe\/wp-content\/uploads\/2024\/04\/logo-300x103.png 300w, https:\/\/insin.unitru.edu.pe\/wp-content\/uploads\/2024\/04\/logo-768x263.png 768w, https:\/\/insin.unitru.edu.pe\/wp-content\/uploads\/2024\/04\/logo.png 1179w\" sizes=\"(max-width: 640px) 100vw, 640px\" \/>\t\t\t\t\t\t\t\t\t\t\t\t\t\t\t<\/div>\n\t\t\t\t<\/div>\n\t\t\t\t<\/div>\n\t\t\t\t<div class=\"elementor-element elementor-element-e691f47 elementor-widget__width-initial elementor-widget elementor-widget-text-editor\" data-id=\"e691f47\" data-element_type=\"widget\" data-widget_type=\"text-editor.default\">\n\t\t\t\t<div class=\"elementor-widget-container\">\n\t\t\t\t\t\t\t\t\t<p>El Instituto de Investigaci\u00f3n de la Universidad Nacional de Trujillo (INSINV-UNT) es un \u00f3rgano de macrogesti\u00f3n adscrita al Vicerrectorado de Investigaci\u00f3n, que tiene como fin principal, seg\u00fan el art\u00edculo 136 del ROF 2022 que a su letra refiere: \u201cdirigir, coordinar y promover el desarrollo de investigaciones en el campo de las ciencias de la Universidad Nacional de Trujillo, en coordinaci\u00f3n con las Unidades de Investigaci\u00f3n\u201d. Adem\u00e1s, tiene la finalidad de asegurar que las actividades de I+D de car\u00e1cter multidisciplinario, interdisciplinario y transdisciplinario realizadas por los grupos, centros, institutos y redes de investigaci\u00f3n de la UNT se desarrollen de forma coordinada y bajo la normativa vigente que garantice la generaci\u00f3n de conocimiento y su transferencia a la sociedad.<\/p>\t\t\t\t\t\t\t\t<\/div>\n\t\t\t\t<\/div>\n\t\t\t\t<\/div>\n\t\t\t\t<div class=\"elementor-element elementor-element-8cf7489 elementor-widget elementor-widget-toggle\" data-id=\"8cf7489\" data-element_type=\"widget\" data-widget_type=\"toggle.default\">\n\t\t\t\t<div class=\"elementor-widget-container\">\n\t\t\t\t\t\t\t<div class=\"elementor-toggle\">\n\t\t\t\t\t\t\t<div class=\"elementor-toggle-item\">\n\t\t\t\t\t<div id=\"elementor-tab-title-1471\" class=\"elementor-tab-title\" data-tab=\"1\" role=\"button\" aria-controls=\"elementor-tab-content-1471\" aria-expanded=\"false\">\n\t\t\t\t\t\t\t\t\t\t\t\t<span class=\"elementor-toggle-icon elementor-toggle-icon-left\" aria-hidden=\"true\">\n\t\t\t\t\t\t\t\t\t\t\t\t\t\t\t<span class=\"elementor-toggle-icon-closed\"><svg class=\"e-font-icon-svg e-fas-caret-right\" viewBox=\"0 0 192 512\" xmlns=\"http:\/\/www.w3.org\/2000\/svg\"><path d=\"M0 384.662V127.338c0-17.818 21.543-26.741 34.142-14.142l128.662 128.662c7.81 7.81 7.81 20.474 0 28.284L34.142 398.804C21.543 411.404 0 402.48 0 384.662z\"><\/path><\/svg><\/span>\n\t\t\t\t\t\t\t\t<span class=\"elementor-toggle-icon-opened\"><svg class=\"elementor-toggle-icon-opened e-font-icon-svg e-fas-caret-up\" viewBox=\"0 0 320 512\" xmlns=\"http:\/\/www.w3.org\/2000\/svg\"><path d=\"M288.662 352H31.338c-17.818 0-26.741-21.543-14.142-34.142l128.662-128.662c7.81-7.81 20.474-7.81 28.284 0l128.662 128.662c12.6 12.599 3.676 34.142-14.142 34.142z\"><\/path><\/svg><\/span>\n\t\t\t\t\t\t\t\t\t\t\t\t\t<\/span>\n\t\t\t\t\t\t\t\t\t\t\t\t<a class=\"elementor-toggle-title\" tabindex=\"0\">Nuestras Funciones<\/a>\n\t\t\t\t\t<\/div>\n\n\t\t\t\t\t<div id=\"elementor-tab-content-1471\" class=\"elementor-tab-content elementor-clearfix\" data-tab=\"1\" role=\"region\" aria-labelledby=\"elementor-tab-title-1471\"><ul><li>Coordinar con las Unidades de Investigaci\u00f3n de las Facultades y Escuela de Posgrado, grupos, centros, institutos y redes de investigaci\u00f3n para la promoci\u00f3n del desarrollo del conocimiento cient\u00edfico de impacto social.<\/li><li>Planificar, organizar, coordinar y supervisar los procesos,\u00a0procedimientos y actividades de la investigaci\u00f3n y desarrollo, en\u00a0el marco de las pol\u00edticas y l\u00edneas de investigaci\u00f3n aprobadas por\u00a0la Universidad.<\/li><li>Organizar, monitorear y evaluar los grupos, centros, institutos y\u00a0redes de investigaci\u00f3n promoviendo la investigaci\u00f3n cient\u00edfica\u00a0interdisciplinaria nacional e internacional.<\/li><li>Gestionar alianzas internacionales de los grupos, centros e\u00a0institutos de investigaci\u00f3n; con universidades, instituciones y\u00a0redes de investigaci\u00f3n, con el fin de fortalecer la promoci\u00f3n de\u00a0la investigaci\u00f3n de impacto desarrollando pasant\u00edas, mentor\u00edas,\u00a0estancias e intercambios cient\u00edficos.<\/li><li>Ejecutar proyectos de investigaci\u00f3n en base a las l\u00edneas\u00a0establecidas por el Vicerrectorado de Investigaci\u00f3n y fomentar la\u00a0publicaci\u00f3n de los resultados.<\/li><li>Gestionar financiamiento, de fuentes nacionales e\u00a0internacionales, para apoyar las actividades de investigaci\u00f3n del\u00a0Instituto de Investigaci\u00f3n.<\/li><li>Desarrollar nuevas \u00e1reas y l\u00edneas de investigaci\u00f3n de las\u00a0disciplinas cient\u00edficas de la Universidad, as\u00ed como en base a las\u00a0necesidades y problemas reales de la sociedad.<\/li><li>Organizar actividades de difusi\u00f3n del conocimiento y los\u00a0resultados de las investigaciones.<\/li><li>Establecer mecanismos para el logro de convenios a nivel del\u00a0sector p\u00fablico y privado para mejorar y ampliar las actividades\u00a0de investigaci\u00f3n y desarrollo.<\/li><li>Promover y fomentar la investigaci\u00f3n multidisciplinaria,\u00a0interdisciplinaria y transdisciplinaria, que respondan a los\u00a0Objetivos del Desarrollo Sostenible con \u00e9nfasis en las\u00a0necesidades urgentes como el cambio clim\u00e1tico y la violencia en\u00a0las diferentes instancias para incentivar el desarrollo regional y\u00a0nacional.<\/li><li>Supervisar el cumplimiento de los Reglamentos del Instituto de\u00a0Investigaci\u00f3n.<\/li><li>Implementar, ejecutar y mantener actualizados el Sistema de Control Interno en marco de las funciones y competencias de su unidad operativa.<\/li><li>Gestionar la digitalizaci\u00f3n de los recursos de investigaci\u00f3n en la\u00a0plataforma Per\u00faCRIS.<\/li><li>Incluir otras funciones de su competencia y las establecidas por normas y dispositivos legales vigentes.<\/li><\/ul><\/div>\n\t\t\t\t<\/div>\n\t\t\t\t\t\t\t<div class=\"elementor-toggle-item\">\n\t\t\t\t\t<div id=\"elementor-tab-title-1472\" class=\"elementor-tab-title\" data-tab=\"2\" role=\"button\" aria-controls=\"elementor-tab-content-1472\" aria-expanded=\"false\">\n\t\t\t\t\t\t\t\t\t\t\t\t<span class=\"elementor-toggle-icon elementor-toggle-icon-left\" aria-hidden=\"true\">\n\t\t\t\t\t\t\t\t\t\t\t\t\t\t\t<span class=\"elementor-toggle-icon-closed\"><svg class=\"e-font-icon-svg e-fas-caret-right\" viewBox=\"0 0 192 512\" xmlns=\"http:\/\/www.w3.org\/2000\/svg\"><path d=\"M0 384.662V127.338c0-17.818 21.543-26.741 34.142-14.142l128.662 128.662c7.81 7.81 7.81 20.474 0 28.284L34.142 398.804C21.543 411.404 0 402.48 0 384.662z\"><\/path><\/svg><\/span>\n\t\t\t\t\t\t\t\t<span class=\"elementor-toggle-icon-opened\"><svg class=\"elementor-toggle-icon-opened e-font-icon-svg e-fas-caret-up\" viewBox=\"0 0 320 512\" xmlns=\"http:\/\/www.w3.org\/2000\/svg\"><path d=\"M288.662 352H31.338c-17.818 0-26.741-21.543-14.142-34.142l128.662-128.662c7.81-7.81 20.474-7.81 28.284 0l128.662 128.662c12.6 12.599 3.676 34.142-14.142 34.142z\"><\/path><\/svg><\/span>\n\t\t\t\t\t\t\t\t\t\t\t\t\t<\/span>\n\t\t\t\t\t\t\t\t\t\t\t\t<a class=\"elementor-toggle-title\" tabindex=\"0\">Nuestros Objetivos<\/a>\n\t\t\t\t\t<\/div>\n\n\t\t\t\t\t<div id=\"elementor-tab-content-1472\" class=\"elementor-tab-content elementor-clearfix\" data-tab=\"2\" role=\"region\" aria-labelledby=\"elementor-tab-title-1472\"><ul><li>Gestionar el desarrollo de investigaciones de car\u00e1cter interdisciplinario, multidisciplinario y transdisciplinario enfocados en la soluci\u00f3n de la problem\u00e1tica social a nivel Local, Regional, Nacional e Internacional.<\/li><li>Monitorear peri\u00f3dicamente la vigencia de las \u00e1reas y l\u00edneas de investigaci\u00f3n de las Unidades de Investigaci\u00f3n, los grupos, centros, institutos y redes de investigaci\u00f3n que convergen entre s\u00ed para el desarrollo de investigaciones de car\u00e1cter multidisciplinario, interdisciplinario y\/o transdisciplinario.<\/li><li>Dirigir, coordinar, supervisar y monitorear la investigaci\u00f3n multidisciplinaria, interdisciplinaria y transdisciplinaria realizada por las Unidades de Investigaci\u00f3n, grupos, centros, institutos y redes de investigaci\u00f3n de la UNT en las \u00e1reas y l\u00edneas de investigaci\u00f3n aprobadas y vigentes.<\/li><li>Evaluar y acreditar a las Unidades de Investigaci\u00f3n, los grupos, centros, institutos y redes de investigaci\u00f3n para realizar investigaci\u00f3n multidisciplinaria, interdisciplinaria y transdisciplinaria en las diversas \u00e1reas del conocimiento.<\/li><li>Organizar y apoyar los eventos cient\u00edficos relacionados a las \u00e1reas de su competencia.<\/li><li>Gestionar la difusi\u00f3n de los resultados de las investigaciones con enfoque multidisciplinario, interdisciplinario y transdisciplinario en revistas indexadas.<\/li><li>Formar recursos humanos en investigaci\u00f3n cient\u00edfica multidisciplinaria, interdisciplinaria y transdisciplinaria mediante la incorporaci\u00f3n de tesistas de pregrado, posgrado y de segunda especialidad a los grupos, centros, institutos y redes de investigaci\u00f3n.<\/li><li>Generar alianzas estrat\u00e9gicas y de cooperaci\u00f3n con instituciones p\u00fablicas y privadas en el \u00e1mbito local, regional, nacional e internacional para la conformaci\u00f3n de redes de investigaci\u00f3n multidisciplinaria, interdisciplinaria y transdisciplinaria.<\/li><li>Prestar servicios profesionales de asesor\u00eda y consultor\u00eda en el desarrollo de investigaciones de car\u00e1cter interdisciplinario, multidisciplinario y transdisciplinario para beneficio de la sociedad.<\/li><li>Gestionar la digitalizaci\u00f3n de los recursos de investigaci\u00f3n en la plataforma Per\u00faCRIS.<\/li><\/ul><\/div>\n\t\t\t\t<\/div>\n\t\t\t\t\t\t\t\t<\/div>\n\t\t\t\t\t\t<\/div>\n\t\t\t\t<\/div>\n\t\t\t\t<div class=\"elementor-element elementor-element-7562c33 elementor-widget__width-initial elementor-widget elementor-widget-image\" data-id=\"7562c33\" data-element_type=\"widget\" data-widget_type=\"image.default\">\n\t\t\t\t<div class=\"elementor-widget-container\">\n\t\t\t\t\t\t\t\t\t\t\t\t\t\t\t<img decoding=\"async\" width=\"92\" height=\"92\" src=\"https:\/\/insin.unitru.edu.pe\/wp-content\/uploads\/2026\/03\/JARM.jpg.jpeg\" class=\"attachment-large size-large wp-image-6841\" alt=\"\" \/>\t\t\t\t\t\t\t\t\t\t\t\t\t\t\t<\/div>\n\t\t\t\t<\/div>\n\t\t\t\t<div class=\"elementor-element elementor-element-e1a2ec8 elementor-widget elementor-widget-text-editor\" data-id=\"e1a2ec8\" data-element_type=\"widget\" data-widget_type=\"text-editor.default\">\n\t\t\t\t<div class=\"elementor-widget-container\">\n\t\t\t\t\t\t\t\t\t<h5 style=\"text-align: center;\">Dr. Jos\u00e9 Antonio Rodr\u00edguez Melquiades<\/h5>\t\t\t\t\t\t\t\t<\/div>\n\t\t\t\t<\/div>\n\t\t\t\t<div class=\"elementor-element elementor-element-83cbdb1 elementor-widget elementor-widget-text-editor\" data-id=\"83cbdb1\" data-element_type=\"widget\" data-widget_type=\"text-editor.default\">\n\t\t\t\t<div class=\"elementor-widget-container\">\n\t\t\t\t\t\t\t\t\t<h5 style=\"text-align: center;\">Director: Instituto de Investigaci\u00f3n<br \/>jrodriguez@unitru.edu.pe<\/h5>\t\t\t\t\t\t\t\t<\/div>\n\t\t\t\t<\/div>\n\t\t<div class=\"elementor-element elementor-element-ff8fef8 e-con-full e-flex e-con e-child\" data-id=\"ff8fef8\" data-element_type=\"container\">\n\t\t<div class=\"elementor-element elementor-element-77d8e7b e-con-full e-flex e-con e-child\" data-id=\"77d8e7b\" data-element_type=\"container\">\n\t\t\t\t<div class=\"elementor-element elementor-element-136b5f7 elementor-widget__width-initial elementor-widget elementor-widget-image\" data-id=\"136b5f7\" data-element_type=\"widget\" data-widget_type=\"image.default\">\n\t\t\t\t<div class=\"elementor-widget-container\">\n\t\t\t\t\t\t\t\t\t\t\t\t\t\t\t<img decoding=\"async\" width=\"186\" height=\"186\" src=\"https:\/\/insin.unitru.edu.pe\/wp-content\/uploads\/2026\/03\/Gaby.jpeg\" class=\"attachment-large size-large wp-image-6840\" alt=\"\" srcset=\"https:\/\/insin.unitru.edu.pe\/wp-content\/uploads\/2026\/03\/Gaby.jpeg 186w, https:\/\/insin.unitru.edu.pe\/wp-content\/uploads\/2026\/03\/Gaby-150x150.jpeg 150w, https:\/\/insin.unitru.edu.pe\/wp-content\/uploads\/2026\/03\/Gaby-96x96.jpeg 96w\" sizes=\"(max-width: 186px) 100vw, 186px\" \/>\t\t\t\t\t\t\t\t\t\t\t\t\t\t\t<\/div>\n\t\t\t\t<\/div>\n\t\t\t\t<div class=\"elementor-element elementor-element-d666278 elementor-widget elementor-widget-text-editor\" data-id=\"d666278\" data-element_type=\"widget\" data-widget_type=\"text-editor.default\">\n\t\t\t\t<div class=\"elementor-widget-container\">\n\t\t\t\t\t\t\t\t\t<h5 style=\"text-align: center;\">Gaby R. Amaya Robles<\/h5>\t\t\t\t\t\t\t\t<\/div>\n\t\t\t\t<\/div>\n\t\t\t\t<div class=\"elementor-element elementor-element-d621929 elementor-widget elementor-widget-text-editor\" data-id=\"d621929\" data-element_type=\"widget\" data-widget_type=\"text-editor.default\">\n\t\t\t\t<div class=\"elementor-widget-container\">\n\t\t\t\t\t\t\t\t\t<h5 style=\"text-align: center;\">Asistente adminitrativo &#8211; SPD\ngamaya@unitru.edu.pe<\/h5>\t\t\t\t\t\t\t\t<\/div>\n\t\t\t\t<\/div>\n\t\t\t\t<\/div>\n\t\t<div class=\"elementor-element elementor-element-9ce6c54 e-con-full e-flex e-con e-child\" data-id=\"9ce6c54\" data-element_type=\"container\">\n\t\t\t\t<\/div>\n\t\t\t\t<\/div>\n\t\t\t\t<\/div>\n\t\t<div class=\"elementor-element elementor-element-557467e e-con-full e-flex e-con e-child\" data-id=\"557467e\" data-element_type=\"container\">\n\t\t\t\t<\/div>\n\t\t\t\t\t<\/div>\n\t\t\t\t<\/div>\n\t\t\t\t<\/div>\n\t\t","protected":false},"excerpt":{"rendered":"<p>Presentaci\u00f3n El Instituto de Investigaci\u00f3n de la Universidad Nacional de Trujillo (INSINV-UNT) es un \u00f3rgano de macrogesti\u00f3n adscrita al Vicerrectorado de Investigaci\u00f3n, que tiene como fin principal, seg\u00fan el art\u00edculo 136 del ROF 2022 que a su letra refiere: \u201cdirigir, coordinar y promover el desarrollo de investigaciones en el campo de las ciencias de la [&hellip;]<\/p>\n","protected":false},"author":2,"featured_media":0,"parent":0,"menu_order":0,"comment_status":"closed","ping_status":"closed","template":"","meta":{"footnotes":""},"class_list":["post-3824","page","type-page","status-publish","hentry"],"_links":{"self":[{"href":"https:\/\/insin.unitru.edu.pe\/index.php?rest_route=\/wp\/v2\/pages\/3824","targetHints":{"allow":["GET"]}}],"collection":[{"href":"https:\/\/insin.unitru.edu.pe\/index.php?rest_route=\/wp\/v2\/pages"}],"about":[{"href":"https:\/\/insin.unitru.edu.pe\/index.php?rest_route=\/wp\/v2\/types\/page"}],"author":[{"embeddable":true,"href":"https:\/\/insin.unitru.edu.pe\/index.php?rest_route=\/wp\/v2\/users\/2"}],"replies":[{"embeddable":true,"href":"https:\/\/insin.unitru.edu.pe\/index.php?rest_route=%2Fwp%2Fv2%2Fcomments&post=3824"}],"version-history":[{"count":184,"href":"https:\/\/insin.unitru.edu.pe\/index.php?rest_route=\/wp\/v2\/pages\/3824\/revisions"}],"predecessor-version":[{"id":6852,"href":"https:\/\/insin.unitru.edu.pe\/index.php?rest_route=\/wp\/v2\/pages\/3824\/revisions\/6852"}],"wp:attachment":[{"href":"https:\/\/insin.unitru.edu.pe\/index.php?rest_route=%2Fwp%2Fv2%2Fmedia&parent=3824"}],"curies":[{"name":"wp","href":"https:\/\/api.w.org\/{rel}","templated":true}]}}