{"id":5205,"date":"2025-02-10T11:08:53","date_gmt":"2025-02-10T16:08:53","guid":{"rendered":"https:\/\/insin.unitru.edu.pe\/?page_id=5205"},"modified":"2025-02-10T11:15:31","modified_gmt":"2025-02-10T16:15:31","slug":"perfil-john-diego-moya-ramos","status":"publish","type":"page","link":"https:\/\/insin.unitru.edu.pe\/?page_id=5205","title":{"rendered":"Perfil John Diego Moya Ramos"},"content":{"rendered":"\t\t<div data-elementor-type=\"wp-page\" data-elementor-id=\"5205\" class=\"elementor elementor-5205\">\n\t\t\t\t<div class=\"elementor-element elementor-element-44761e7 e-flex e-con-boxed e-con e-parent\" data-id=\"44761e7\" data-element_type=\"container\" data-e-type=\"container\">\n\t\t\t\t\t<div class=\"e-con-inner\">\n\t\t<div class=\"elementor-element elementor-element-b17ae43 e-con-full e-flex e-con e-child\" data-id=\"b17ae43\" data-element_type=\"container\" data-e-type=\"container\">\n\t\t\t\t<div class=\"elementor-element elementor-element-3daf8ed elementor-widget__width-initial elementor-widget elementor-widget-image\" data-id=\"3daf8ed\" data-element_type=\"widget\" data-e-type=\"widget\" data-widget_type=\"image.default\">\n\t\t\t\t<div class=\"elementor-widget-container\">\n\t\t\t\t\t\t\t\t\t\t\t\t\t\t\t<img fetchpriority=\"high\" decoding=\"async\" width=\"298\" height=\"293\" src=\"https:\/\/insin.unitru.edu.pe\/wp-content\/uploads\/2025\/02\/Captura-de-pantalla-2025-02-10-093221.png\" class=\"attachment-large size-large wp-image-5210\" alt=\"\" \/>\t\t\t\t\t\t\t\t\t\t\t\t\t\t\t<\/div>\n\t\t\t\t<\/div>\n\t\t\t\t<\/div>\n\t\t<div class=\"elementor-element elementor-element-3d8c119 e-con-full e-flex e-con e-child\" data-id=\"3d8c119\" data-element_type=\"container\" data-e-type=\"container\">\n\t\t\t\t<div class=\"elementor-element elementor-element-4a34e51 elementor-widget elementor-widget-text-editor\" data-id=\"4a34e51\" data-element_type=\"widget\" data-e-type=\"widget\" data-widget_type=\"text-editor.default\">\n\t\t\t\t<div class=\"elementor-widget-container\">\n\t\t\t\t\t\t\t\t\t<p><strong>JOHN DIEGO MOYA RAMOS<\/strong><\/p><p>&#8211; Formaci\u00f3n en UPAO en Ing. Computaci\u00f3n y Sistemas.<br \/><span style=\"font-family: var( --e-global-typography-text-font-family ), Sans-serif; font-weight: var( --e-global-typography-text-font-weight ); text-align: var(--text-align);\">&#8211; Egresado en UNT de la Maestr\u00eda \u00abAdministraci\u00f3n y Direcci\u00f3n de Tecnolog\u00edas de la Informaci\u00f3n\u00bb.<br \/><\/span><span style=\"font-family: var( --e-global-typography-text-font-family ), Sans-serif; font-weight: var( --e-global-typography-text-font-weight ); text-align: var(--text-align);\">&#8211; Especialidad en: Software libre, ITIL, Servidores linux<br \/><\/span><span style=\"font-family: var( --e-global-typography-text-font-family ), Sans-serif; font-weight: var( --e-global-typography-text-font-weight ); text-align: var(--text-align);\">&#8211; Actualmente trabajo en Proyectos de Transformaci\u00f3n Digital en el Instituto de Investigaci\u00f3n de la UNT.<\/span><\/p><p>Correo: jmoyar@unitru.edu.pe<br \/>Fb: <a href=\"https:\/\/www.facebook.com\/john.diego.kurt\">https:\/\/www.facebook.com\/john.diego.kurt\u00a0<\/a><\/p>\t\t\t\t\t\t\t\t<\/div>\n\t\t\t\t<\/div>\n\t\t\t\t<\/div>\n\t\t\t\t\t<\/div>\n\t\t\t\t<\/div>\n\t\t\t\t<\/div>\n\t\t","protected":false},"excerpt":{"rendered":"<p>JOHN DIEGO MOYA RAMOS &#8211; Formaci\u00f3n en UPAO en Ing. Computaci\u00f3n y Sistemas.&#8211; Egresado en UNT de la Maestr\u00eda \u00abAdministraci\u00f3n y Direcci\u00f3n de Tecnolog\u00edas de la Informaci\u00f3n\u00bb.&#8211; Especialidad en: Software libre, ITIL, Servidores linux&#8211; Actualmente trabajo en Proyectos de Transformaci\u00f3n Digital en el Instituto de Investigaci\u00f3n de la UNT. Correo: jmoyar@unitru.edu.peFb: https:\/\/www.facebook.com\/john.diego.kurt\u00a0<\/p>\n","protected":false},"author":2,"featured_media":0,"parent":0,"menu_order":0,"comment_status":"closed","ping_status":"closed","template":"","meta":{"footnotes":""},"class_list":["post-5205","page","type-page","status-publish","hentry"],"_links":{"self":[{"href":"https:\/\/insin.unitru.edu.pe\/index.php?rest_route=\/wp\/v2\/pages\/5205","targetHints":{"allow":["GET"]}}],"collection":[{"href":"https:\/\/insin.unitru.edu.pe\/index.php?rest_route=\/wp\/v2\/pages"}],"about":[{"href":"https:\/\/insin.unitru.edu.pe\/index.php?rest_route=\/wp\/v2\/types\/page"}],"author":[{"embeddable":true,"href":"https:\/\/insin.unitru.edu.pe\/index.php?rest_route=\/wp\/v2\/users\/2"}],"replies":[{"embeddable":true,"href":"https:\/\/insin.unitru.edu.pe\/index.php?rest_route=%2Fwp%2Fv2%2Fcomments&post=5205"}],"version-history":[{"count":10,"href":"https:\/\/insin.unitru.edu.pe\/index.php?rest_route=\/wp\/v2\/pages\/5205\/revisions"}],"predecessor-version":[{"id":5216,"href":"https:\/\/insin.unitru.edu.pe\/index.php?rest_route=\/wp\/v2\/pages\/5205\/revisions\/5216"}],"wp:attachment":[{"href":"https:\/\/insin.unitru.edu.pe\/index.php?rest_route=%2Fwp%2Fv2%2Fmedia&parent=5205"}],"curies":[{"name":"wp","href":"https:\/\/api.w.org\/{rel}","templated":true}]}}