{"id":6777,"date":"2025-06-03T10:52:19","date_gmt":"2025-06-03T15:52:19","guid":{"rendered":"https:\/\/insin.unitru.edu.pe\/?page_id=6777"},"modified":"2025-06-03T11:38:27","modified_gmt":"2025-06-03T16:38:27","slug":"eventos-grupos-de-investigacion","status":"publish","type":"page","link":"https:\/\/insin.unitru.edu.pe\/?page_id=6777","title":{"rendered":"Eventos Grupos de Investigaci\u00f3n"},"content":{"rendered":"\t\t<div data-elementor-type=\"wp-page\" data-elementor-id=\"6777\" class=\"elementor elementor-6777\">\n\t\t\t\t<div class=\"elementor-element elementor-element-3cb5c57 e-flex e-con-boxed e-con e-parent\" data-id=\"3cb5c57\" data-element_type=\"container\" data-e-type=\"container\">\n\t\t\t\t\t<div class=\"e-con-inner\">\n\t\t\t\t<div class=\"elementor-element elementor-element-1a14d3f elementor-widget elementor-widget-posts-slider\" data-id=\"1a14d3f\" data-element_type=\"widget\" data-e-type=\"widget\" data-widget_type=\"posts-slider.default\">\n\t\t\t\t<div class=\"elementor-widget-container\">\n\t\t\t\t\t\t\t\n\t\t\n\t<script type=\"text\/javascript\">\n\t\n\t\tjQuery(document).ready(function ($) {\n\t\t\t\n\t\t\tfunction rtl_slick(){\n\t\t\t\tif ($('body').hasClass(\"rtl\")) {\n\t\t\t\t   return true;\n\t\t\t\t} else {\n\t\t\t\t   return false;\n\t\t\t}}\n\t\t\t\n\n\t\t\t\/* Main Slider *\/\n\t\t\t$('.theme-posts-grid-slider').slick({\n\t\t\t\t\n\t\t\t\tinfinite: true,\n\t\t\t\tfade: false,\n\t\t\t\tdots: false,\n\t\t\t\tarrows: false,\n\t\t\t\tautoplay: true,\n\t\t\t\tautoplaySpeed: 3000,\n\t\t\t\tslidesToShow: 5,\n\t\t\t\tslidesToScroll: 5,\n\t\t\t\trtl: rtl_slick(),\n\n\t\t\t\tprevArrow: '<div class=\"slide-arrow-left\"><i class=\"fas fa-long-arrow-alt-left\"><\/i><\/div>',\n\t\t\t\tnextArrow: '<div class=\"slide-arrow-right\"><i class=\"fas fa-long-arrow-alt-right\"><\/i><\/div>',\n\t\t\t\t\n\t\t\t\tresponsive: [\n\t\t\t\t\t{\n\t\t\t\t\t  breakpoint: 1500,\n\t\t\t\t\t  settings: {\n\t\t\t\t\t\tslidesToShow: 4,\n\t\t\t\t\t\tslidesToScroll: 4,\n\t\t\t\t\t  }\n\t\t\t\t\t},\n\t\t\t\t\t\n\t\t\t\t\t{\n\t\t\t\t\t  breakpoint: 1024,\n\t\t\t\t\t  settings: {\n\t\t\t\t\t\tslidesToShow: 3,\n\t\t\t\t\t\tslidesToScroll: 3,\n\t\t\t\t\t  }\n\t\t\t\t\t},\n\t\t\t\t\t\n\t\t\t\t\t{\n\t\t\t\t\t  breakpoint: 600,\n\t\t\t\t\t  settings: {\n\t\t\t\t\t\tslidesToShow: 2,\n\t\t\t\t\t\tslidesToScroll: 2\n\t\t\t\t\t  }\n\t\t\t\t\t},\n\t\t\t\t\t{\n\t\t\t\t\t  breakpoint: 480,\n\t\t\t\t\t  settings: {\n\t\t\t\t\t\tslidesToShow: 1,\n\t\t\t\t\t\tslidesToScroll: 1\n\t\t\t\t\t  }\n\t\t\t\t\t}\n\n\t\t]\n\t\t\t\t\n\t\t\t\t\n\t\t\t\t\n\t\t\t\t\n\n\t\t\t });\n\n\t\t});\n    <\/script> \t\t\n\t\t\n\t\t\n\t\t\n\t\t\t\t\n\t\t<div class=\"grid-slider-customm theme_post_grid__Slider grid-slider-customn theme-posts-grid-slider\">\n\t\t\n        \t\t\n\n\t\t\t<div class=\"news_post_grid_design blog-post-grid-wrapper blog-post-grid-wrapper-four\">\n        \t\t<div class=\"news-post-grid-thumbnail\">\n        \t\t\t<a href=\"https:\/\/insin.unitru.edu.pe\/?p=6812\" class=\"news-post-grid-thumbnail-wrap\">\n\t\t\t\t\t\t<img decoding=\"async\" src=\"https:\/\/insin.unitru.edu.pe\/wp-content\/uploads\/2025\/06\/workshop1_Mesa-de-trabajo-1.png\" alt=\"Workshop Internacional &#8211; Econom\u00eda Circular\">\n\t\t\t\t\t<\/a>\n\t\t\t\t<\/div>\n\t\t\t\t\n\t\t\t\t<div class=\"news-post-grid-content grid-content-bottom\">\n\t\t\t\t\n\t\t\t\t\t\n\t\t\t\t\t<div class=\"author-name\">\n\t\t\t\t\t\t<div class=\"post_grid_author_img\"><img alt='' src='https:\/\/secure.gravatar.com\/avatar\/f6748a6e883873d12afe2875d7f04916c36c0e16767c47bb3906fd950135026a?s=21&#038;d=retro&#038;r=g' srcset='https:\/\/secure.gravatar.com\/avatar\/f6748a6e883873d12afe2875d7f04916c36c0e16767c47bb3906fd950135026a?s=42&#038;d=retro&#038;r=g 2x' class='avatar avatar-21 photo' height='21' width='21' \/><a href=\"https:\/\/insin.unitru.edu.pe\/?author=2\">Administrador web<\/a><\/div>\t\t\t\t\t<\/div>\n\t\t\t\t\t\t\n\n\t\t\t\t\t<h3 class=\"post-title\">\n\t\t\t\t\t\t<a href=\"https:\/\/insin.unitru.edu.pe\/?p=6812\">Workshop Internacional &#8211; Econom\u00eda Circular<\/a>\n\t\t\t\t\t<\/h3>\n\n\t\t\t\t\t \n\t\t\t\t\t<div class=\"post-excerpt-box\">\n\t\t\t\t\t\t<p>El grupo interdisciplinario de investigaci\u00f3n en energ\u00eda, medio ambiente y tecnolog\u00eda (GIIEMAT), de la Facultad de Ingenier\u00eda Qu\u00edmica, desarrolla diferentes<\/p>\n\t\t\t\t\t<\/div>\n\t\t\t\t\t\t\t\n\n\n\t\t\t\t\t<div class=\"post-meta-items\">\n\n\t\t\t\t\t\t\n\t\t\t\t\t\t<div class=\"category-box\">\n\t\t\t\t\t\t \n   \n\t \n\n\t\n\t<a class=\"news-cat_Name\" href=\"https:\/\/insin.unitru.edu.pe\/?cat=57\">\n\t\tEventos Grupos\t<\/a>\n   \n\t\t\t\t\t\t\t<\/div>\n\t\t\t\t\t\t\n\n\n\t\t\t\t\t\t\t\t\t\t\t<div class=\"date-box\">\n\t\t\t\t\t\tjunio 3\t\t\t\t\t\t<\/div>\n\t\t\t\t\t\t\n\t\t\t\t\t\n\t\t\t\t\n\t\t\t\t\t\t\n\t\t\t\t\t\n\t\t\t\t\t<\/div>\n\n        \t\t<\/div>\n\t\t\t\t\n\t\t\t\t<div class=\"theme-post-bookmark\">\n\t\t\t\t\t\t\t\t\t\t[ccc_my_favorite_select_button post_id=\"6812\"]\t\t\t\t<\/div>\n\t\t\t\t\n\n        \t<\/div>\t\n\t\t\t\n\t\t\t\n\n\t\t\t\t\n\n\t\t\t<div class=\"news_post_grid_design blog-post-grid-wrapper blog-post-grid-wrapper-four\">\n        \t\t<div class=\"news-post-grid-thumbnail\">\n        \t\t\t<a href=\"https:\/\/insin.unitru.edu.pe\/?p=6790\" class=\"news-post-grid-thumbnail-wrap\">\n\t\t\t\t\t\t<img decoding=\"async\" src=\"https:\/\/insin.unitru.edu.pe\/wp-content\/uploads\/2025\/06\/502899005_1280888586815820_7793894206260946925_n.jpg\" alt=\"SEMINARIO DE ESPECIALIZACI\u00d3N; NUEVAS REGLAS DE LA CONTRATACI\u00d3N PUBLICA\">\n\t\t\t\t\t<\/a>\n\t\t\t\t<\/div>\n\t\t\t\t\n\t\t\t\t<div class=\"news-post-grid-content grid-content-bottom\">\n\t\t\t\t\n\t\t\t\t\t\n\t\t\t\t\t<div class=\"author-name\">\n\t\t\t\t\t\t<div class=\"post_grid_author_img\"><img alt='' src='https:\/\/secure.gravatar.com\/avatar\/f6748a6e883873d12afe2875d7f04916c36c0e16767c47bb3906fd950135026a?s=21&#038;d=retro&#038;r=g' srcset='https:\/\/secure.gravatar.com\/avatar\/f6748a6e883873d12afe2875d7f04916c36c0e16767c47bb3906fd950135026a?s=42&#038;d=retro&#038;r=g 2x' class='avatar avatar-21 photo' height='21' width='21' \/><a href=\"https:\/\/insin.unitru.edu.pe\/?author=2\">Administrador web<\/a><\/div>\t\t\t\t\t<\/div>\n\t\t\t\t\t\t\n\n\t\t\t\t\t<h3 class=\"post-title\">\n\t\t\t\t\t\t<a href=\"https:\/\/insin.unitru.edu.pe\/?p=6790\">SEMINARIO DE ESPECIALIZACI\u00d3N; NUEVAS REGLAS DE LA CONTRATACI\u00d3N PUBLICA<\/a>\n\t\t\t\t\t<\/h3>\n\n\t\t\t\t\t \n\t\t\t\t\t<div class=\"post-excerpt-box\">\n\t\t\t\t\t\t<p>Desde la c\u00e1tedra de Derecho Administrativo y Contrataciones y el C\u00edrculo de Investigaci\u00f3n \u201cLex P\u00fablica &amp; Arbitri\u201d, con el valioso<\/p>\n\t\t\t\t\t<\/div>\n\t\t\t\t\t\t\t\n\n\n\t\t\t\t\t<div class=\"post-meta-items\">\n\n\t\t\t\t\t\t\n\t\t\t\t\t\t<div class=\"category-box\">\n\t\t\t\t\t\t \n   \n\t \n\n\t\n\t<a class=\"news-cat_Name\" href=\"https:\/\/insin.unitru.edu.pe\/?cat=57\">\n\t\tEventos Grupos\t<\/a>\n   \n\t\n\t<a class=\"news-cat_Name\" href=\"https:\/\/insin.unitru.edu.pe\/?cat=1\">\n\t\tSin categor\u00eda\t<\/a>\n   \n\t\t\t\t\t\t\t<\/div>\n\t\t\t\t\t\t\n\n\n\t\t\t\t\t\t\t\t\t\t\t<div class=\"date-box\">\n\t\t\t\t\t\tjunio 3\t\t\t\t\t\t<\/div>\n\t\t\t\t\t\t\n\t\t\t\t\t\n\t\t\t\t\n\t\t\t\t\t\t\n\t\t\t\t\t\n\t\t\t\t\t<\/div>\n\n        \t\t<\/div>\n\t\t\t\t\n\t\t\t\t<div class=\"theme-post-bookmark\">\n\t\t\t\t\t\t\t\t\t\t[ccc_my_favorite_select_button post_id=\"6790\"]\t\t\t\t<\/div>\n\t\t\t\t\n\n        \t<\/div>\t\n\t\t\t\n\t\t\t\n\n\t\t\t\t\n\t\t<\/div>\n\t\t\n\t\t\t\t\n\t\t\t\t\n\t\n\t\t\t\t\t\t<\/div>\n\t\t\t\t<\/div>\n\t\t\t\t\t<\/div>\n\t\t\t\t<\/div>\n\t\t\t\t<\/div>\n\t\t","protected":false},"excerpt":{"rendered":"<p>Administrador web SEMINARIO DE ESPECIALIZACI\u00d3N; NUEVAS REGLAS DE LA CONTRATACI\u00d3N PUBLICA Desde la c\u00e1tedra de Derecho Administrativo y Contrataciones y el C\u00edrculo de Investigaci\u00f3n \u201cLex P\u00fablica &amp; Arbitri\u201d, con el valioso Eventos Grupos Sin categor\u00eda junio 3 [ccc_my_favorite_select_button post_id=\u00bb6790&#8243;]<\/p>\n","protected":false},"author":2,"featured_media":0,"parent":0,"menu_order":0,"comment_status":"closed","ping_status":"closed","template":"","meta":{"footnotes":""},"class_list":["post-6777","page","type-page","status-publish","hentry"],"_links":{"self":[{"href":"https:\/\/insin.unitru.edu.pe\/index.php?rest_route=\/wp\/v2\/pages\/6777","targetHints":{"allow":["GET"]}}],"collection":[{"href":"https:\/\/insin.unitru.edu.pe\/index.php?rest_route=\/wp\/v2\/pages"}],"about":[{"href":"https:\/\/insin.unitru.edu.pe\/index.php?rest_route=\/wp\/v2\/types\/page"}],"author":[{"embeddable":true,"href":"https:\/\/insin.unitru.edu.pe\/index.php?rest_route=\/wp\/v2\/users\/2"}],"replies":[{"embeddable":true,"href":"https:\/\/insin.unitru.edu.pe\/index.php?rest_route=%2Fwp%2Fv2%2Fcomments&post=6777"}],"version-history":[{"count":7,"href":"https:\/\/insin.unitru.edu.pe\/index.php?rest_route=\/wp\/v2\/pages\/6777\/revisions"}],"predecessor-version":[{"id":6811,"href":"https:\/\/insin.unitru.edu.pe\/index.php?rest_route=\/wp\/v2\/pages\/6777\/revisions\/6811"}],"wp:attachment":[{"href":"https:\/\/insin.unitru.edu.pe\/index.php?rest_route=%2Fwp%2Fv2%2Fmedia&parent=6777"}],"curies":[{"name":"wp","href":"https:\/\/api.w.org\/{rel}","templated":true}]}}