{"id":6779,"date":"2025-06-03T10:53:58","date_gmt":"2025-06-03T15:53:58","guid":{"rendered":"https:\/\/insin.unitru.edu.pe\/?page_id=6779"},"modified":"2025-06-03T11:07:14","modified_gmt":"2025-06-03T16:07:14","slug":"eventos-instituto-de-investigacion","status":"publish","type":"page","link":"https:\/\/insin.unitru.edu.pe\/?page_id=6779","title":{"rendered":"Eventos Instituto de Investigaci\u00f3n"},"content":{"rendered":"\t\t<div data-elementor-type=\"wp-page\" data-elementor-id=\"6779\" class=\"elementor elementor-6779\">\n\t\t\t\t<div class=\"elementor-element elementor-element-2c6e27b e-flex e-con-boxed e-con e-parent\" data-id=\"2c6e27b\" data-element_type=\"container\" data-e-type=\"container\">\n\t\t\t\t\t<div class=\"e-con-inner\">\n\t\t\t\t<div class=\"elementor-element elementor-element-ddf66c3 elementor-widget elementor-widget-posts-block\" data-id=\"ddf66c3\" data-element_type=\"widget\" data-e-type=\"widget\" data-widget_type=\"posts-block.default\">\n\t\t\t\t<div class=\"elementor-widget-container\">\n\t\t\t\t\t\n\t\t\t\t\n        \n\t\t\t<div class=\"news_post_grid_design blog-post-grid-wrapper blog-post-grid-wrapper-four post-block-item\">\n        \t\t\n\t\t\t\t\n\t\t\t\t<div class=\"news-post-grid-thumbnail\">\n        \t\t\t<a href=\"https:\/\/insin.unitru.edu.pe\/?p=5908\" class=\"news-post-grid-thumbnail-wrap\">\n\t\t\t\t\t\t<img decoding=\"async\" src=\"https:\/\/insin.unitru.edu.pe\/wp-content\/uploads\/2025\/04\/evalua-2023.png\" alt=\"Evaluaci\u00f3n de Grupos de Investigaci\u00f3n 2023\">\n\t\t\t\t\t<\/a>\n\t\t\t\t<\/div>\n\t\t\t\t\n\t\t\t\t<div class=\"news-post-grid-content grid-content-bottom\">\n\t\t\t\t\n\t\t\t\t\t\n\t\t\t\t\t<div class=\"author-name\">\n\t\t\t\t\t\t<div class=\"post_grid_author_img\"><img alt='' src='https:\/\/secure.gravatar.com\/avatar\/f6748a6e883873d12afe2875d7f04916c36c0e16767c47bb3906fd950135026a?s=21&#038;d=retro&#038;r=g' srcset='https:\/\/secure.gravatar.com\/avatar\/f6748a6e883873d12afe2875d7f04916c36c0e16767c47bb3906fd950135026a?s=42&#038;d=retro&#038;r=g 2x' class='avatar avatar-21 photo' height='21' width='21' \/><a href=\"https:\/\/insin.unitru.edu.pe\/?author=2\">Administrador web<\/a><\/div>\t\t\t\t\t<\/div>\n\t\t\t\t\t\t\n\n\t\t\t\t\t<h3 class=\"post-title\">\n\t\t\t\t\t\t<a href=\"https:\/\/insin.unitru.edu.pe\/?p=5908\">Evaluaci\u00f3n de Grupos de Investigaci\u00f3n 2023<\/a>\n\t\t\t\t\t<\/h3>\n\n\t\t\t\t\t \n\t\t\t\t\t<div class=\"post-excerpt-box\">\n\t\t\t\t\t\t<p>Se acerca la evaluaci\u00f3n de 94 grupos de investigaci\u00f3n en el a\u00f1o 2025. Esta evaluaci\u00f3n es una oportunidad para demostrar<\/p>\n\t\t\t\t\t<\/div>\n\t\t\t\t\t\t\t\n\n\n\t\t\t\t\t<div class=\"post-meta-items\">\n\n\t\t\t\t\t\t\n\t\t\t\t\t\t<div class=\"category-box\">\n\t\t\t\t\t\t\t \n   \n\t \n\n\t\n\t<a class=\"news-cat_Name\" href=\"https:\/\/insin.unitru.edu.pe\/?cat=47\">\n\t\tPortada\t<\/a>\n   \n\t\t\t\t\t\t\t<\/div>\n\t\t\t\t\t\t\n\n\n\t\t\t\t\t\t\t\t\t\t\t<div class=\"date-box\">\n\t\t\t\t\t\tabril 8\t\t\t\t\t\t<\/div>\n\t\t\t\t\t\t\n\t\t\t\t\t\n\t\t\t\t\n\t\t\t\t\t\t\n\t\t\t\t\t\n\t\t\t\t\t<\/div>\n\n        \t\t<\/div>\n\t\t\t\t\n\t\t\t\t<div class=\"theme-post-bookmark\">\n\t\t\t\t\t\t\t\t\t\t[ccc_my_favorite_select_button post_id=\"5908\"]\t\t\t\t<\/div>\n\t\t\t\t\n\n        \t<\/div>\n\n\t\t\t\t\n\t\t\t\t\n\t\t\t\t\n\t\n\t\t\t\t\t\t<\/div>\n\t\t\t\t<\/div>\n\t\t<div class=\"elementor-element elementor-element-aa23d82 e-flex e-con-boxed e-con e-child\" data-id=\"aa23d82\" data-element_type=\"container\" data-e-type=\"container\">\n\t\t\t\t\t<div class=\"e-con-inner\">\n\t\t\t\t<div class=\"elementor-element elementor-element-4d013f0 elementor-widget elementor-widget-posts-block\" data-id=\"4d013f0\" data-element_type=\"widget\" data-e-type=\"widget\" data-widget_type=\"posts-block.default\">\n\t\t\t\t<div class=\"elementor-widget-container\">\n\t\t\t\t\t\n\t\t\t\t\n        \n\t\t\t<div class=\"news_post_grid_design blog-post-grid-wrapper blog-post-grid-wrapper-four post-block-item\">\n        \t\t\n\t\t\t\t\n\t\t\t\t<div class=\"news-post-grid-thumbnail\">\n        \t\t\t<a href=\"https:\/\/insin.unitru.edu.pe\/?p=6812\" class=\"news-post-grid-thumbnail-wrap\">\n\t\t\t\t\t\t<img decoding=\"async\" src=\"https:\/\/insin.unitru.edu.pe\/wp-content\/uploads\/2025\/06\/workshop1_Mesa-de-trabajo-1.png\" alt=\"Workshop Internacional &#8211; Econom\u00eda Circular\">\n\t\t\t\t\t<\/a>\n\t\t\t\t<\/div>\n\t\t\t\t\n\t\t\t\t<div class=\"news-post-grid-content grid-content-bottom\">\n\t\t\t\t\n\t\t\t\t\t\n\t\t\t\t\t<div class=\"author-name\">\n\t\t\t\t\t\t<div class=\"post_grid_author_img\"><img alt='' src='https:\/\/secure.gravatar.com\/avatar\/f6748a6e883873d12afe2875d7f04916c36c0e16767c47bb3906fd950135026a?s=21&#038;d=retro&#038;r=g' srcset='https:\/\/secure.gravatar.com\/avatar\/f6748a6e883873d12afe2875d7f04916c36c0e16767c47bb3906fd950135026a?s=42&#038;d=retro&#038;r=g 2x' class='avatar avatar-21 photo' height='21' width='21' \/><a href=\"https:\/\/insin.unitru.edu.pe\/?author=2\">Administrador web<\/a><\/div>\t\t\t\t\t<\/div>\n\t\t\t\t\t\t\n\n\t\t\t\t\t<h3 class=\"post-title\">\n\t\t\t\t\t\t<a href=\"https:\/\/insin.unitru.edu.pe\/?p=6812\">Workshop Internacional &#8211; Econom\u00eda Circular<\/a>\n\t\t\t\t\t<\/h3>\n\n\t\t\t\t\t \n\t\t\t\t\t<div class=\"post-excerpt-box\">\n\t\t\t\t\t\t<p>El grupo interdisciplinario de investigaci\u00f3n en energ\u00eda, medio ambiente y tecnolog\u00eda (GIIEMAT), de la Facultad de Ingenier\u00eda Qu\u00edmica, desarrolla diferentes<\/p>\n\t\t\t\t\t<\/div>\n\t\t\t\t\t\t\t\n\n\n\t\t\t\t\t<div class=\"post-meta-items\">\n\n\t\t\t\t\t\t\n\t\t\t\t\t\t<div class=\"category-box\">\n\t\t\t\t\t\t\t \n   \n\t \n\n\t\n\t<a class=\"news-cat_Name\" href=\"https:\/\/insin.unitru.edu.pe\/?cat=57\">\n\t\tEventos Grupos\t<\/a>\n   \n\t\t\t\t\t\t\t<\/div>\n\t\t\t\t\t\t\n\n\n\t\t\t\t\t\t\t\t\t\t\t<div class=\"date-box\">\n\t\t\t\t\t\tjunio 3\t\t\t\t\t\t<\/div>\n\t\t\t\t\t\t\n\t\t\t\t\t\n\t\t\t\t\n\t\t\t\t\t\t\n\t\t\t\t\t\n\t\t\t\t\t<\/div>\n\n        \t\t<\/div>\n\t\t\t\t\n\t\t\t\t<div class=\"theme-post-bookmark\">\n\t\t\t\t\t\t\t\t\t\t[ccc_my_favorite_select_button post_id=\"6812\"]\t\t\t\t<\/div>\n\t\t\t\t\n\n        \t<\/div>\n\n\t\t\t\t\n\t\t\t\t\n\t\t\t\t\n\t\n\t\t\t\t\t\t<\/div>\n\t\t\t\t<\/div>\n\t\t\t\t\t<\/div>\n\t\t\t\t<\/div>\n\t\t\t\t\t<\/div>\n\t\t\t\t<\/div>\n\t\t\t\t<\/div>\n\t\t","protected":false},"excerpt":{"rendered":"<p>Administrador web Evaluaci\u00f3n de Grupos de Investigaci\u00f3n 2023 Se acerca la evaluaci\u00f3n de 94 grupos de investigaci\u00f3n en el a\u00f1o 2025. Esta evaluaci\u00f3n es una oportunidad para demostrar Portada abril 8 [ccc_my_favorite_select_button post_id=\u00bb5908&#8243;] Administrador web Convocatoria de Grupos de Investigaci\u00f3n Unt-Concytec 2025 \u00a1No pierdan esta valiosa oportunidad de crecimiento y reconocimiento! Mant\u00e9nganse atentos a los [&hellip;]<\/p>\n","protected":false},"author":2,"featured_media":0,"parent":0,"menu_order":0,"comment_status":"closed","ping_status":"closed","template":"","meta":{"footnotes":""},"class_list":["post-6779","page","type-page","status-publish","hentry"],"_links":{"self":[{"href":"https:\/\/insin.unitru.edu.pe\/index.php?rest_route=\/wp\/v2\/pages\/6779","targetHints":{"allow":["GET"]}}],"collection":[{"href":"https:\/\/insin.unitru.edu.pe\/index.php?rest_route=\/wp\/v2\/pages"}],"about":[{"href":"https:\/\/insin.unitru.edu.pe\/index.php?rest_route=\/wp\/v2\/types\/page"}],"author":[{"embeddable":true,"href":"https:\/\/insin.unitru.edu.pe\/index.php?rest_route=\/wp\/v2\/users\/2"}],"replies":[{"embeddable":true,"href":"https:\/\/insin.unitru.edu.pe\/index.php?rest_route=%2Fwp%2Fv2%2Fcomments&post=6779"}],"version-history":[{"count":4,"href":"https:\/\/insin.unitru.edu.pe\/index.php?rest_route=\/wp\/v2\/pages\/6779\/revisions"}],"predecessor-version":[{"id":6789,"href":"https:\/\/insin.unitru.edu.pe\/index.php?rest_route=\/wp\/v2\/pages\/6779\/revisions\/6789"}],"wp:attachment":[{"href":"https:\/\/insin.unitru.edu.pe\/index.php?rest_route=%2Fwp%2Fv2%2Fmedia&parent=6779"}],"curies":[{"name":"wp","href":"https:\/\/api.w.org\/{rel}","templated":true}]}}